{"id":690,"date":"2015-11-11T10:11:13","date_gmt":"2015-11-11T09:11:13","guid":{"rendered":"http:\/\/puzzlerbox.com\/levelup\/demo11\/?page_id=690"},"modified":"2021-03-22T16:21:18","modified_gmt":"2021-03-22T15:21:18","slug":"be_original","status":"publish","type":"page","link":"https:\/\/www.marinoorlandi.com\/it\/be_original\/","title":{"rendered":"be Original"},"content":{"rendered":"<div class=\"wpb-content-wrapper\"><p>[vc_row css=&#8221;.vc_custom_1477552747051{padding-top: 40px !important;padding-bottom: 40px !important;}&#8221;][vc_column width=&#8221;1\/6&#8243;][\/vc_column][vc_column width=&#8221;2\/3&#8243;][vc_custom_heading text=&#8221;Il design unico e la qualita&#8217; dei materiali hanno reso le borse Marino Orlandi<br \/>\nfamose e apprezzate in tutto il mondo. Per questo sono tanto imitate!&#8221; use_theme_fonts=&#8221;yes&#8221; font_container=&#8221;tag:h2|font_size:20|text_align:center|color:%23000000&#8243; el_class=&#8221;titolo_principale_martel&#8221;][vc_empty_space height=&#8221;30px&#8221;][vc_custom_heading text=&#8221;Ecco come riconoscere le nostre creazioni originali.&#8221; use_theme_fonts=&#8221;yes&#8221; font_container=&#8221;tag:h2|font_size:20|text_align:center|color:%23000000&#8243; el_class=&#8221;titolo_principale_martel&#8221;][\/vc_column][vc_column width=&#8221;1\/6&#8243;][\/vc_column][\/vc_row][vc_row full_width=&#8221;stretch_row&#8221; equal_height=&#8221;yes&#8221; columns_height=&#8221;adjust_cols_height&#8221; css=&#8221;.vc_custom_1477553676080{margin-bottom: -40px !important;}&#8221;][vc_column width=&#8221;1\/12&#8243; offset=&#8221;vc_hidden-xs&#8221;][\/vc_column][vc_column vertical_align=&#8221;center&#8221; width=&#8221;5\/12&#8243; clean_margin=&#8221;xs&#8221; resoinsive_indent=&#8221;xs&#8221; css=&#8221;.vc_custom_1458733710381{margin-right: -25px !important;}&#8221;][vc_single_image image=&#8221;10682&#8243; clean_padding=&#8221;xs&#8221; css=&#8221;.vc_custom_1486715222804{padding-right: 150px !important;}&#8221;][\/vc_column][vc_column width=&#8221;1\/2&#8243; clean_padding=&#8221;xs&#8221; resoinsive_indent=&#8221;xs&#8221; css=&#8221;.vc_custom_1458733482786{padding-top: 3% !important;padding-right: 10% !important;padding-bottom: 3% !important;padding-left: 10% !important;}&#8221;][vc_custom_heading text=&#8221;dal Cartellino&#8221; use_theme_fonts=&#8221;yes&#8221; font_container=&#8221;tag:h2|font_size:50|text_align:left|color:%23000000|line_height:1.1&#8243; css=&#8221;.vc_custom_1486716948023{padding-bottom: 20px !important;}&#8221; el_class=&#8221;titolo_principale_martel&#8221;][vc_column_text css=&#8221;.vc_custom_1486717177898{padding-bottom: 5% !important;}&#8221;]<\/p>\n<p align=\"JUSTIFY\">Le borse e gli accessori Marino Orlandi presentano\u00a0un cartellino arancione con il logo ufficiale del Brand: \u00e8 il primo segnale che ti aiuta a distinguere la creazione originale dall&#8217;imitazione.<\/p>\n<p>[\/vc_column_text][\/vc_column][\/vc_row][vc_row full_width=&#8221;stretch_row&#8221; equal_height=&#8221;yes&#8221; columns_height=&#8221;adjust_cols_height&#8221; css=&#8221;.vc_custom_1477553335294{margin-bottom: -60px !important;}&#8221;][vc_column vertical_align=&#8221;center&#8221; width=&#8221;1\/2&#8243; clean_padding=&#8221;xs&#8221; resoinsive_indent=&#8221;xs&#8221; css=&#8221;.vc_custom_1458733819455{padding-right: 10% !important;padding-left: 10% !important;}&#8221;][vc_custom_heading text=&#8221;dal Timbro&#8221; use_theme_fonts=&#8221;yes&#8221; font_container=&#8221;tag:h2|font_size:50|text_align:left|color:%23000000|line_height:1.1&#8243; font_title_responsive=&#8221;true&#8221; font_size_responsive=&#8221;1.75&#8243; css=&#8221;.vc_custom_1486717202832{padding-bottom: 20px !important;}&#8221; el_class=&#8221;titolo_principale_martel&#8221;][vc_column_text css=&#8221;.vc_custom_1616426474766{padding-bottom: 5% !important;}&#8221;]<\/p>\n<p align=\"JUSTIFY\">Il Timbro 100% Made in Italy garantisce che la tua creazione Marino Orlandi viene realizzata nella Marche dalla mani sapienti di maestri artigiani: una certezza di ORIGINALITA QUALITA et di assoluta dedizione ai dettagli<\/p>\n<p>\u00a0[\/vc_column_text][\/vc_column][vc_column width=&#8221;1\/2&#8243; resoinsive_indent=&#8221;xs&#8221;][vc_single_image image=&#8221;10053&#8243;][\/vc_column][\/vc_row][vc_row full_width=&#8221;stretch_row&#8221; equal_height=&#8221;yes&#8221; columns_height=&#8221;adjust_cols_height&#8221; css=&#8221;.vc_custom_1477553054428{margin-bottom: -40px !important;padding-bottom: -5% !important;}&#8221;][vc_column width=&#8221;7\/12&#8243; clean_margin=&#8221;sm&#8221; resoinsive_indent=&#8221;xs&#8221; css=&#8221;.vc_custom_1458734241722{margin-top: -25px !important;}&#8221;][vc_single_image image=&#8221;10054&#8243;][\/vc_column][vc_column vertical_align=&#8221;center&#8221; width=&#8221;5\/12&#8243; clean_padding=&#8221;xs&#8221; resoinsive_indent=&#8221;xs&#8221; css=&#8221;.vc_custom_1458733907421{padding-right: 10% !important;padding-left: 10% !important;}&#8221;][vc_empty_space height=&#8221;25px&#8221;][vc_custom_heading text=&#8221;dal Design&#8221; use_theme_fonts=&#8221;yes&#8221; font_container=&#8221;tag:h2|font_size:50|text_align:left|color:%23000000|line_height:1.1&#8243; font_title_responsive=&#8221;true&#8221; font_size_responsive=&#8221;1.75&#8243; css=&#8221;.vc_custom_1486717846855{padding-bottom: 20px !important;}&#8221; el_class=&#8221;titolo_principale_martel&#8221;][vc_column_text css=&#8221;.vc_custom_1486977204084{padding-bottom: 5% !important;}&#8221;]<\/p>\n<p align=\"JUSTIFY\">Lo stile delle creazioni\u00a0Marino\u00a0Orlandi \u00e8 unico e inimitabile. Se hai dubbi sull&#8217;originalit\u00e0, il team dei designer MO si occuper\u00e0 di\u00a0verificare e certificare la tua borsa: scatta e una foto e inviala a: info@marinoorlandi.com.<\/p>\n<p>[\/vc_column_text][\/vc_column][\/vc_row][vc_row css=&#8221;.vc_custom_1477554040296{padding-top: 80px !important;padding-bottom: 80px !important;}&#8221;][vc_column width=&#8221;1\/6&#8243;][\/vc_column][vc_column width=&#8221;2\/3&#8243;][vc_custom_heading text=&#8221;Acquista nelle nostre boutiques, sullo shop Online o nei rivenditori autorizzati<br \/>\nper avere la certezza di scegliere un&#8217;autentica creazione Marino Orlandi.&#8221; use_theme_fonts=&#8221;yes&#8221; font_container=&#8221;tag:h2|font_size:20|text_align:center&#8221; inline=&#8221;true&#8221; el_class=&#8221;titolo_principale_martel&#8221;][\/vc_column][vc_column width=&#8221;1\/6&#8243;][\/vc_column][\/vc_row][vc_row full_width=&#8221;stretch_row&#8221; custom_padding=&#8221;true&#8221; custom_padding_lr=&#8221;0&#8243; custom_padding_t=&#8221;15&#8243; custom_padding_b=&#8221;0&#8243; css=&#8221;.vc_custom_1477726871297{background-color: #000000 !important;background-position: center !important;background-repeat: no-repeat !important;background-size: contain !important;}&#8221;][vc_column width=&#8221;2\/3&#8243; css=&#8221;.vc_custom_1477726909941{background-color: #000000 !important;}&#8221;][vc_custom_heading text=&#8221;Iscriviti alla newsletter&#8221; use_theme_fonts=&#8221;yes&#8221; font_container=&#8221;tag:h2|font_size:20|text_align:left|color:%23ffffff|line_height:1.1&#8243; font_title_responsive=&#8221;true&#8221; font_size_responsive=&#8221;1.75&#8243; css=&#8221;.vc_custom_1486725860353{padding-bottom: 20px !important;}&#8221; el_class=&#8221;titolo_principale_martel&#8221;][vc_custom_heading text=&#8221;Sarai sempre aggiornato sulle nuove creazioni e collezioni del mondo Marino Orlandi.&#8221; use_theme_fonts=&#8221;yes&#8221; font_container=&#8221;tag:h2|font_size:14|text_align:left|color:%23ffffff|line_height:1.1&#8243; font_title_responsive=&#8221;true&#8221; font_size_responsive=&#8221;1.75&#8243; css=&#8221;.vc_custom_1486725880907{padding-bottom: 20px !important;}&#8221; el_class=&#8221;titolo_principale_martel&#8221;][\/vc_column][vc_column width=&#8221;1\/3&#8243;]\n<div class=\"wpcf7 no-js\" id=\"wpcf7-f2595-o1\" lang=\"en-US\" dir=\"ltr\" data-wpcf7-id=\"2595\">\n<div class=\"screen-reader-response\"><p role=\"status\" aria-live=\"polite\" aria-atomic=\"true\"><\/p> <ul><\/ul><\/div>\n<form action=\"\/it\/wp-json\/wp\/v2\/pages\/690#wpcf7-f2595-o1\" method=\"post\" class=\"wpcf7-form init\" aria-label=\"Contact form\" novalidate=\"novalidate\" data-status=\"init\">\n<fieldset class=\"hidden-fields-container\"><input type=\"hidden\" name=\"_wpcf7\" value=\"2595\" \/><input type=\"hidden\" name=\"_wpcf7_version\" value=\"6.1.5\" \/><input type=\"hidden\" name=\"_wpcf7_locale\" value=\"en_US\" \/><input type=\"hidden\" name=\"_wpcf7_unit_tag\" value=\"wpcf7-f2595-o1\" \/><input type=\"hidden\" name=\"_wpcf7_container_post\" value=\"0\" \/><input type=\"hidden\" name=\"_wpcf7_posted_data_hash\" value=\"\" \/><input type=\"hidden\" name=\"_wpcf7_recaptcha_response\" value=\"\" \/>\n<\/fieldset>\n<p><br \/>\n<span class=\"wpcf7-form-control-wrap\" data-name=\"your-email\"><input size=\"40\" maxlength=\"400\" class=\"wpcf7-form-control wpcf7-email wpcf7-validates-as-required wpcf7-text wpcf7-validates-as-email\" aria-required=\"true\" aria-invalid=\"false\" value=\"La tua email\" type=\"email\" name=\"your-email\" \/><\/span>\n<\/p>\n<p><span class=\"privacytesto\"><span class=\"wpcf7-form-control-wrap\" data-name=\"accept-this-1\"><span class=\"wpcf7-form-control wpcf7-acceptance\"><span class=\"wpcf7-list-item\"><input type=\"checkbox\" name=\"accept-this-1\" value=\"1\" aria-invalid=\"false\" \/><\/span><\/span><\/span> Accetto le condizioni sulla <a href=\"https:\/\/www.iubenda.com\/privacy-policy\/679136\/legal\" target=\"_blank\">privacy<\/a><\/span>\n<\/p>\n<p><input class=\"wpcf7-form-control wpcf7-submit has-spinner bottoneiscrizione\" id=\"bottoneiscrizionenewsletter\" type=\"submit\" value=\"Iscriviti\" \/>\n<\/p><div class=\"wpcf7-response-output\" aria-hidden=\"true\"><\/div>\n<\/form>\n<\/div>\n[\/vc_column][\/vc_row][vc_row full_width=&#8221;stretch_row&#8221; custom_padding=&#8221;true&#8221; custom_padding_lr=&#8221;0&#8243; custom_padding_t=&#8221;0&#8243; custom_padding_b=&#8221;0&#8243; css=&#8221;.vc_custom_1477727340809{background-color: #000000 !important;}&#8221;][vc_column][vc_separator color=&#8221;#ffffff&#8221; width=&#8221;1900&#8243;][\/vc_column][\/vc_row]<\/p>\n<\/div>","protected":false},"excerpt":{"rendered":"<p>[vc_row css=&#8221;.vc_custom_1477552747051{padding-top: 40px !important;padding-bottom: 40px !important;}&#8221;][vc_column width=&#8221;1\/6&#8243;][\/vc_column][vc_column width=&#8221;2\/3&#8243;][vc_custom_heading text=&#8221;Il design unico e la qualita&#8217; dei materiali hanno reso le borse Marino Orlandi famose e apprezzate in tutto il mondo. Per [&hellip;]<\/p>\n","protected":false},"author":1,"featured_media":0,"parent":0,"menu_order":0,"comment_status":"closed","ping_status":"closed","template":"","meta":{"_acf_changed":false,"footnotes":""},"class_list":["post-690","page","type-page","status-publish","hentry"],"acf":[],"yoast_head":"<!-- This site is optimized with the Yoast SEO Premium plugin v27.1 (Yoast SEO v27.3) - https:\/\/yoast.com\/product\/yoast-seo-premium-wordpress\/ -->\n<title>be Original | Negozio online borse in pelle - Official Site Marino Orlandi<\/title>\n<meta name=\"description\" content=\"Compra online borse italiane dal design unico e di alta qualit\u00e0 dei materiali, qui trovi come riconoscere le creazioni originali di Marino Orlandi.\" \/>\n<meta name=\"robots\" content=\"index, follow, max-snippet:-1, max-image-preview:large, max-video-preview:-1\" \/>\n<link rel=\"canonical\" href=\"https:\/\/www.marinoorlandi.com\/it\/be_original\/\" \/>\n<meta property=\"og:locale\" content=\"it_IT\" \/>\n<meta property=\"og:type\" content=\"article\" \/>\n<meta property=\"og:title\" content=\"be Original\" \/>\n<meta property=\"og:description\" content=\"Compra online borse italiane dal design unico e di alta qualit\u00e0 dei materiali, qui trovi come riconoscere le creazioni originali di Marino Orlandi.\" \/>\n<meta property=\"og:url\" content=\"https:\/\/www.marinoorlandi.com\/it\/be_original\/\" \/>\n<meta property=\"og:site_name\" content=\"Official Site Marino Orlandi\" \/>\n<meta property=\"article:publisher\" content=\"https:\/\/www.facebook.com\/OrlandiMarinoPelletteriaItaly\/\" \/>\n<meta property=\"article:modified_time\" content=\"2021-03-22T15:21:18+00:00\" \/>\n<meta name=\"twitter:card\" content=\"summary_large_image\" \/>\n<meta name=\"twitter:label1\" content=\"Tempo di lettura stimato\" \/>\n\t<meta name=\"twitter:data1\" content=\"2 minuti\" \/>\n<script type=\"application\/ld+json\" class=\"yoast-schema-graph\">{\"@context\":\"https:\\\/\\\/schema.org\",\"@graph\":[{\"@type\":\"WebPage\",\"@id\":\"https:\\\/\\\/www.marinoorlandi.com\\\/it\\\/be_original\\\/\",\"url\":\"https:\\\/\\\/www.marinoorlandi.com\\\/it\\\/be_original\\\/\",\"name\":\"be Original | Negozio online borse in pelle - Official Site Marino Orlandi\",\"isPartOf\":{\"@id\":\"https:\\\/\\\/www.marinoorlandi.com\\\/it\\\/#website\"},\"datePublished\":\"2015-11-11T09:11:13+00:00\",\"dateModified\":\"2021-03-22T15:21:18+00:00\",\"description\":\"Compra online borse italiane dal design unico e di alta qualit\u00e0 dei materiali, qui trovi come riconoscere le creazioni originali di Marino Orlandi.\",\"breadcrumb\":{\"@id\":\"https:\\\/\\\/www.marinoorlandi.com\\\/it\\\/be_original\\\/#breadcrumb\"},\"inLanguage\":\"it-IT\",\"potentialAction\":[{\"@type\":\"ReadAction\",\"target\":[\"https:\\\/\\\/www.marinoorlandi.com\\\/it\\\/be_original\\\/\"]}]},{\"@type\":\"BreadcrumbList\",\"@id\":\"https:\\\/\\\/www.marinoorlandi.com\\\/it\\\/be_original\\\/#breadcrumb\",\"itemListElement\":[{\"@type\":\"ListItem\",\"position\":1,\"name\":\"Marino Orlandi\",\"item\":\"https:\\\/\\\/www.marinoorlandi.com\\\/it\\\/\"},{\"@type\":\"ListItem\",\"position\":2,\"name\":\"be Original\"}]},{\"@type\":\"WebSite\",\"@id\":\"https:\\\/\\\/www.marinoorlandi.com\\\/it\\\/#website\",\"url\":\"https:\\\/\\\/www.marinoorlandi.com\\\/it\\\/\",\"name\":\"Official Site Marino Orlandi\",\"description\":\"&quot;A STYLE BEYOND PLACE &amp;TIME &quot;\",\"publisher\":{\"@id\":\"https:\\\/\\\/www.marinoorlandi.com\\\/it\\\/#organization\"},\"potentialAction\":[{\"@type\":\"SearchAction\",\"target\":{\"@type\":\"EntryPoint\",\"urlTemplate\":\"https:\\\/\\\/www.marinoorlandi.com\\\/it\\\/?s={search_term_string}\"},\"query-input\":{\"@type\":\"PropertyValueSpecification\",\"valueRequired\":true,\"valueName\":\"search_term_string\"}}],\"inLanguage\":\"it-IT\"},{\"@type\":\"Organization\",\"@id\":\"https:\\\/\\\/www.marinoorlandi.com\\\/it\\\/#organization\",\"name\":\"Pelletteria Marino Orlandi\",\"url\":\"https:\\\/\\\/www.marinoorlandi.com\\\/it\\\/\",\"logo\":{\"@type\":\"ImageObject\",\"inLanguage\":\"it-IT\",\"@id\":\"https:\\\/\\\/www.marinoorlandi.com\\\/it\\\/#\\\/schema\\\/logo\\\/image\\\/\",\"url\":\"https:\\\/\\\/www.marinoorlandi.com\\\/wp-content\\\/uploads\\\/2017\\\/02\\\/logoMO_nero_mail.png\",\"contentUrl\":\"https:\\\/\\\/www.marinoorlandi.com\\\/wp-content\\\/uploads\\\/2017\\\/02\\\/logoMO_nero_mail.png\",\"width\":116,\"height\":110,\"caption\":\"Pelletteria Marino Orlandi\"},\"image\":{\"@id\":\"https:\\\/\\\/www.marinoorlandi.com\\\/it\\\/#\\\/schema\\\/logo\\\/image\\\/\"},\"sameAs\":[\"https:\\\/\\\/www.facebook.com\\\/OrlandiMarinoPelletteriaItaly\\\/\",\"https:\\\/\\\/www.instagram.com\\\/marino.orlandi.official\\\/\"]}]}<\/script>\n<!-- \/ Yoast SEO Premium plugin. -->","yoast_head_json":{"title":"be Original | Negozio online borse in pelle - Official Site Marino Orlandi","description":"Compra online borse italiane dal design unico e di alta qualit\u00e0 dei materiali, qui trovi come riconoscere le creazioni originali di Marino Orlandi.","robots":{"index":"index","follow":"follow","max-snippet":"max-snippet:-1","max-image-preview":"max-image-preview:large","max-video-preview":"max-video-preview:-1"},"canonical":"https:\/\/www.marinoorlandi.com\/it\/be_original\/","og_locale":"it_IT","og_type":"article","og_title":"be Original","og_description":"Compra online borse italiane dal design unico e di alta qualit\u00e0 dei materiali, qui trovi come riconoscere le creazioni originali di Marino Orlandi.","og_url":"https:\/\/www.marinoorlandi.com\/it\/be_original\/","og_site_name":"Official Site Marino Orlandi","article_publisher":"https:\/\/www.facebook.com\/OrlandiMarinoPelletteriaItaly\/","article_modified_time":"2021-03-22T15:21:18+00:00","twitter_card":"summary_large_image","twitter_misc":{"Tempo di lettura stimato":"2 minuti"},"schema":{"@context":"https:\/\/schema.org","@graph":[{"@type":"WebPage","@id":"https:\/\/www.marinoorlandi.com\/it\/be_original\/","url":"https:\/\/www.marinoorlandi.com\/it\/be_original\/","name":"be Original | Negozio online borse in pelle - Official Site Marino Orlandi","isPartOf":{"@id":"https:\/\/www.marinoorlandi.com\/it\/#website"},"datePublished":"2015-11-11T09:11:13+00:00","dateModified":"2021-03-22T15:21:18+00:00","description":"Compra online borse italiane dal design unico e di alta qualit\u00e0 dei materiali, qui trovi come riconoscere le creazioni originali di Marino Orlandi.","breadcrumb":{"@id":"https:\/\/www.marinoorlandi.com\/it\/be_original\/#breadcrumb"},"inLanguage":"it-IT","potentialAction":[{"@type":"ReadAction","target":["https:\/\/www.marinoorlandi.com\/it\/be_original\/"]}]},{"@type":"BreadcrumbList","@id":"https:\/\/www.marinoorlandi.com\/it\/be_original\/#breadcrumb","itemListElement":[{"@type":"ListItem","position":1,"name":"Marino Orlandi","item":"https:\/\/www.marinoorlandi.com\/it\/"},{"@type":"ListItem","position":2,"name":"be Original"}]},{"@type":"WebSite","@id":"https:\/\/www.marinoorlandi.com\/it\/#website","url":"https:\/\/www.marinoorlandi.com\/it\/","name":"Official Site Marino Orlandi","description":"&quot;A STYLE BEYOND PLACE &amp;TIME &quot;","publisher":{"@id":"https:\/\/www.marinoorlandi.com\/it\/#organization"},"potentialAction":[{"@type":"SearchAction","target":{"@type":"EntryPoint","urlTemplate":"https:\/\/www.marinoorlandi.com\/it\/?s={search_term_string}"},"query-input":{"@type":"PropertyValueSpecification","valueRequired":true,"valueName":"search_term_string"}}],"inLanguage":"it-IT"},{"@type":"Organization","@id":"https:\/\/www.marinoorlandi.com\/it\/#organization","name":"Pelletteria Marino Orlandi","url":"https:\/\/www.marinoorlandi.com\/it\/","logo":{"@type":"ImageObject","inLanguage":"it-IT","@id":"https:\/\/www.marinoorlandi.com\/it\/#\/schema\/logo\/image\/","url":"https:\/\/www.marinoorlandi.com\/wp-content\/uploads\/2017\/02\/logoMO_nero_mail.png","contentUrl":"https:\/\/www.marinoorlandi.com\/wp-content\/uploads\/2017\/02\/logoMO_nero_mail.png","width":116,"height":110,"caption":"Pelletteria Marino Orlandi"},"image":{"@id":"https:\/\/www.marinoorlandi.com\/it\/#\/schema\/logo\/image\/"},"sameAs":["https:\/\/www.facebook.com\/OrlandiMarinoPelletteriaItaly\/","https:\/\/www.instagram.com\/marino.orlandi.official\/"]}]}},"_links":{"self":[{"href":"https:\/\/www.marinoorlandi.com\/it\/wp-json\/wp\/v2\/pages\/690","targetHints":{"allow":["GET"]}}],"collection":[{"href":"https:\/\/www.marinoorlandi.com\/it\/wp-json\/wp\/v2\/pages"}],"about":[{"href":"https:\/\/www.marinoorlandi.com\/it\/wp-json\/wp\/v2\/types\/page"}],"author":[{"embeddable":true,"href":"https:\/\/www.marinoorlandi.com\/it\/wp-json\/wp\/v2\/users\/1"}],"replies":[{"embeddable":true,"href":"https:\/\/www.marinoorlandi.com\/it\/wp-json\/wp\/v2\/comments?post=690"}],"version-history":[{"count":108,"href":"https:\/\/www.marinoorlandi.com\/it\/wp-json\/wp\/v2\/pages\/690\/revisions"}],"predecessor-version":[{"id":14291,"href":"https:\/\/www.marinoorlandi.com\/it\/wp-json\/wp\/v2\/pages\/690\/revisions\/14291"}],"wp:attachment":[{"href":"https:\/\/www.marinoorlandi.com\/it\/wp-json\/wp\/v2\/media?parent=690"}],"curies":[{"name":"wp","href":"https:\/\/api.w.org\/{rel}","templated":true}]}}