{"id":10490,"date":"2017-02-09T11:00:29","date_gmt":"2017-02-09T10:00:29","guid":{"rendered":"https:\/\/www.marinoorlandi.com\/prodotto\/mo4129\/"},"modified":"2023-08-04T10:39:16","modified_gmt":"2023-08-04T08:39:16","slug":"mo4129","status":"publish","type":"product","link":"https:\/\/www.marinoorlandi.com\/it\/shop-orlandi\/tutte-le-collezioni\/mo4129\/","title":{"rendered":"MO4129"},"content":{"rendered":"<div class=\"wpb-content-wrapper\"><p>[vc_row][vc_column width=&#8221;1\/3&#8243;][vc_column_text]l.30 x h.27 cm<br \/>\n&#8211; Vacchetta blu multicolor vernice roses<br \/>\n&#8211; Fodera interna in tessuto personalizzato<br \/>\n&#8211; Tracolla amovibile<br \/>\n&#8211; Parti metalliche dorate sugli inserti verticali<br \/>\n&#8211; Esclusiva chiusura superiore con coulisse<br \/>\n&#8211; Doppio scompartimento interno<br \/>\n&#8211; Scompartimento divisorio con cerniera dorata<br \/>\n&#8211; Tasche laterali interne con zip<br \/>\n&#8211; Cinque piedini di appoggio[\/vc_column_text][\/vc_column][vc_column width=&#8221;1\/3&#8243;][\/vc_column][vc_column width=&#8221;1\/3&#8243;][vc_empty_space height=&#8221;20px&#8221;][vc_custom_heading text=&#8221;&#8221; use_theme_fonts=&#8221;yes&#8221; font_container=&#8221;tag:h2|font_size:20|text_align:left|color:%23000000&#8243; el_class=&#8221;titolo_principale_martel&#8221;][vc_empty_space height=&#8221;20px&#8221;][vc_column_text]Marino Orlandi Leather bag 100% Made in Italy[\/vc_column_text][vc_single_image image=&#8221;10001&#8243;][\/vc_column][\/vc_row]<\/p>\n<\/div>","protected":false},"excerpt":{"rendered":"<p>Perfetto sia per le amanti della funzionalit\u00e0 che per le esperte della moda, il grazioso zaino CallistoV in tela in morbida vacchetta \u00e8 il compagno perfetto per le viaggiatrici urbane. La straordinaria capienza interna \u00e8 abbinata a dettagli che solitamente impreziosiscono le creazioni artigianali pi\u00f9 esclusive del Made in Italy.<\/p>\n","protected":false},"featured_media":10491,"comment_status":"open","ping_status":"closed","template":"","meta":{"_acf_changed":false},"product_brand":[],"product_cat":[112,111],"product_tag":[],"class_list":{"0":"post-10490","1":"product","2":"type-product","3":"status-publish","4":"has-post-thumbnail","6":"product_cat-collezione-lovemo","7":"product_cat-tutte-le-collezioni","9":"first","10":"instock","11":"featured","12":"shipping-taxable","13":"purchasable","14":"product-type-simple"},"acf":[],"yoast_head":"<!-- This site is optimized with the Yoast SEO Premium plugin v27.4 (Yoast SEO v27.4) - https:\/\/yoast.com\/product\/yoast-seo-premium-wordpress\/ -->\n<title>MO4129 in pelle fatta a mano 100% made in Italy - Official Site Marino Orlandi<\/title>\n<meta name=\"description\" content=\"MO4129 by Marino Orlandi, pelletteria made in Italy interamente realizzata a mano\" \/>\n<meta name=\"robots\" content=\"index, follow, max-snippet:-1, max-image-preview:large, max-video-preview:-1\" \/>\n<link rel=\"canonical\" href=\"https:\/\/www.marinoorlandi.com\/it\/shop-orlandi\/tutte-le-collezioni\/mo4129\/\" \/>\n<meta property=\"og:locale\" content=\"it_IT\" \/>\n<meta property=\"og:type\" content=\"article\" \/>\n<meta property=\"og:title\" content=\"MO4129\" \/>\n<meta property=\"og:description\" content=\"MO4129 by Marino Orlandi, pelletteria made in Italy interamente realizzata a mano\" \/>\n<meta property=\"og:url\" content=\"https:\/\/www.marinoorlandi.com\/it\/shop-orlandi\/tutte-le-collezioni\/mo4129\/\" \/>\n<meta property=\"og:site_name\" content=\"Official Site Marino Orlandi\" \/>\n<meta property=\"article:publisher\" content=\"https:\/\/www.facebook.com\/OrlandiMarinoPelletteriaItaly\/\" \/>\n<meta property=\"article:modified_time\" content=\"2023-08-04T08:39:16+00:00\" \/>\n<meta property=\"og:image\" content=\"https:\/\/www.marinoorlandi.com\/wp-content\/uploads\/2017\/02\/CUT_0719-1.jpg\" \/>\n\t<meta property=\"og:image:width\" content=\"800\" \/>\n\t<meta property=\"og:image:height\" content=\"800\" \/>\n\t<meta property=\"og:image:type\" content=\"image\/jpeg\" \/>\n<meta name=\"twitter:card\" content=\"summary_large_image\" \/>\n<meta name=\"twitter:label1\" content=\"Tempo di lettura stimato\" \/>\n\t<meta name=\"twitter:data1\" content=\"1 minuto\" \/>\n<script type=\"application\/ld+json\" class=\"yoast-schema-graph\">{\"@context\":\"https:\\\/\\\/schema.org\",\"@graph\":[{\"@type\":\"WebPage\",\"@id\":\"https:\\\/\\\/www.marinoorlandi.com\\\/it\\\/shop-orlandi\\\/tutte-le-collezioni\\\/mo4129\\\/\",\"url\":\"https:\\\/\\\/www.marinoorlandi.com\\\/it\\\/shop-orlandi\\\/tutte-le-collezioni\\\/mo4129\\\/\",\"name\":\"MO4129 in pelle fatta a mano 100% made in Italy - Official Site Marino Orlandi\",\"isPartOf\":{\"@id\":\"https:\\\/\\\/www.marinoorlandi.com\\\/it\\\/#website\"},\"primaryImageOfPage\":{\"@id\":\"https:\\\/\\\/www.marinoorlandi.com\\\/it\\\/shop-orlandi\\\/tutte-le-collezioni\\\/mo4129\\\/#primaryimage\"},\"image\":{\"@id\":\"https:\\\/\\\/www.marinoorlandi.com\\\/it\\\/shop-orlandi\\\/tutte-le-collezioni\\\/mo4129\\\/#primaryimage\"},\"thumbnailUrl\":\"https:\\\/\\\/www.marinoorlandi.com\\\/wp-content\\\/uploads\\\/2017\\\/02\\\/CUT_0719-1.jpg\",\"datePublished\":\"2017-02-09T10:00:29+00:00\",\"dateModified\":\"2023-08-04T08:39:16+00:00\",\"description\":\"MO4129 by Marino Orlandi, pelletteria made in Italy interamente realizzata a mano\",\"breadcrumb\":{\"@id\":\"https:\\\/\\\/www.marinoorlandi.com\\\/it\\\/shop-orlandi\\\/tutte-le-collezioni\\\/mo4129\\\/#breadcrumb\"},\"inLanguage\":\"it-IT\",\"potentialAction\":[{\"@type\":\"ReadAction\",\"target\":[\"https:\\\/\\\/www.marinoorlandi.com\\\/it\\\/shop-orlandi\\\/tutte-le-collezioni\\\/mo4129\\\/\"]}]},{\"@type\":\"ImageObject\",\"inLanguage\":\"it-IT\",\"@id\":\"https:\\\/\\\/www.marinoorlandi.com\\\/it\\\/shop-orlandi\\\/tutte-le-collezioni\\\/mo4129\\\/#primaryimage\",\"url\":\"https:\\\/\\\/www.marinoorlandi.com\\\/wp-content\\\/uploads\\\/2017\\\/02\\\/CUT_0719-1.jpg\",\"contentUrl\":\"https:\\\/\\\/www.marinoorlandi.com\\\/wp-content\\\/uploads\\\/2017\\\/02\\\/CUT_0719-1.jpg\",\"width\":800,\"height\":800},{\"@type\":\"BreadcrumbList\",\"@id\":\"https:\\\/\\\/www.marinoorlandi.com\\\/it\\\/shop-orlandi\\\/tutte-le-collezioni\\\/mo4129\\\/#breadcrumb\",\"itemListElement\":[{\"@type\":\"ListItem\",\"position\":1,\"name\":\"Marino Orlandi\",\"item\":\"https:\\\/\\\/www.marinoorlandi.com\\\/it\\\/\"},{\"@type\":\"ListItem\",\"position\":2,\"name\":\"Shop Orlandi\",\"item\":\"https:\\\/\\\/www.marinoorlandi.com\\\/it\\\/shop-orlandi\\\/\"},{\"@type\":\"ListItem\",\"position\":3,\"name\":\"LoveMO\",\"item\":\"https:\\\/\\\/www.marinoorlandi.com\\\/it\\\/borse-artigianali\\\/collezione-lovemo\\\/\"},{\"@type\":\"ListItem\",\"position\":4,\"name\":\"MO4129\"}]},{\"@type\":\"WebSite\",\"@id\":\"https:\\\/\\\/www.marinoorlandi.com\\\/it\\\/#website\",\"url\":\"https:\\\/\\\/www.marinoorlandi.com\\\/it\\\/\",\"name\":\"Official Site Marino Orlandi\",\"description\":\"&quot;A STYLE BEYOND PLACE &amp;TIME &quot;\",\"publisher\":{\"@id\":\"https:\\\/\\\/www.marinoorlandi.com\\\/it\\\/#organization\"},\"potentialAction\":[{\"@type\":\"SearchAction\",\"target\":{\"@type\":\"EntryPoint\",\"urlTemplate\":\"https:\\\/\\\/www.marinoorlandi.com\\\/it\\\/?s={search_term_string}\"},\"query-input\":{\"@type\":\"PropertyValueSpecification\",\"valueRequired\":true,\"valueName\":\"search_term_string\"}}],\"inLanguage\":\"it-IT\"},{\"@type\":\"Organization\",\"@id\":\"https:\\\/\\\/www.marinoorlandi.com\\\/it\\\/#organization\",\"name\":\"Pelletteria Marino Orlandi\",\"url\":\"https:\\\/\\\/www.marinoorlandi.com\\\/it\\\/\",\"logo\":{\"@type\":\"ImageObject\",\"inLanguage\":\"it-IT\",\"@id\":\"https:\\\/\\\/www.marinoorlandi.com\\\/it\\\/#\\\/schema\\\/logo\\\/image\\\/\",\"url\":\"https:\\\/\\\/www.marinoorlandi.com\\\/wp-content\\\/uploads\\\/2017\\\/02\\\/logoMO_nero_mail.png\",\"contentUrl\":\"https:\\\/\\\/www.marinoorlandi.com\\\/wp-content\\\/uploads\\\/2017\\\/02\\\/logoMO_nero_mail.png\",\"width\":116,\"height\":110,\"caption\":\"Pelletteria Marino Orlandi\"},\"image\":{\"@id\":\"https:\\\/\\\/www.marinoorlandi.com\\\/it\\\/#\\\/schema\\\/logo\\\/image\\\/\"},\"sameAs\":[\"https:\\\/\\\/www.facebook.com\\\/OrlandiMarinoPelletteriaItaly\\\/\",\"https:\\\/\\\/www.instagram.com\\\/marino.orlandi.official\\\/\"]}]}<\/script>\n<!-- \/ Yoast SEO Premium plugin. -->","yoast_head_json":{"title":"MO4129 in pelle fatta a mano 100% made in Italy - Official Site Marino Orlandi","description":"MO4129 by Marino Orlandi, pelletteria made in Italy interamente realizzata a mano","robots":{"index":"index","follow":"follow","max-snippet":"max-snippet:-1","max-image-preview":"max-image-preview:large","max-video-preview":"max-video-preview:-1"},"canonical":"https:\/\/www.marinoorlandi.com\/it\/shop-orlandi\/tutte-le-collezioni\/mo4129\/","og_locale":"it_IT","og_type":"article","og_title":"MO4129","og_description":"MO4129 by Marino Orlandi, pelletteria made in Italy interamente realizzata a mano","og_url":"https:\/\/www.marinoorlandi.com\/it\/shop-orlandi\/tutte-le-collezioni\/mo4129\/","og_site_name":"Official Site Marino Orlandi","article_publisher":"https:\/\/www.facebook.com\/OrlandiMarinoPelletteriaItaly\/","article_modified_time":"2023-08-04T08:39:16+00:00","og_image":[{"width":800,"height":800,"url":"https:\/\/www.marinoorlandi.com\/wp-content\/uploads\/2017\/02\/CUT_0719-1.jpg","type":"image\/jpeg"}],"twitter_card":"summary_large_image","twitter_misc":{"Tempo di lettura stimato":"1 minuto"},"schema":{"@context":"https:\/\/schema.org","@graph":[{"@type":"WebPage","@id":"https:\/\/www.marinoorlandi.com\/it\/shop-orlandi\/tutte-le-collezioni\/mo4129\/","url":"https:\/\/www.marinoorlandi.com\/it\/shop-orlandi\/tutte-le-collezioni\/mo4129\/","name":"MO4129 in pelle fatta a mano 100% made in Italy - Official Site Marino Orlandi","isPartOf":{"@id":"https:\/\/www.marinoorlandi.com\/it\/#website"},"primaryImageOfPage":{"@id":"https:\/\/www.marinoorlandi.com\/it\/shop-orlandi\/tutte-le-collezioni\/mo4129\/#primaryimage"},"image":{"@id":"https:\/\/www.marinoorlandi.com\/it\/shop-orlandi\/tutte-le-collezioni\/mo4129\/#primaryimage"},"thumbnailUrl":"https:\/\/www.marinoorlandi.com\/wp-content\/uploads\/2017\/02\/CUT_0719-1.jpg","datePublished":"2017-02-09T10:00:29+00:00","dateModified":"2023-08-04T08:39:16+00:00","description":"MO4129 by Marino Orlandi, pelletteria made in Italy interamente realizzata a mano","breadcrumb":{"@id":"https:\/\/www.marinoorlandi.com\/it\/shop-orlandi\/tutte-le-collezioni\/mo4129\/#breadcrumb"},"inLanguage":"it-IT","potentialAction":[{"@type":"ReadAction","target":["https:\/\/www.marinoorlandi.com\/it\/shop-orlandi\/tutte-le-collezioni\/mo4129\/"]}]},{"@type":"ImageObject","inLanguage":"it-IT","@id":"https:\/\/www.marinoorlandi.com\/it\/shop-orlandi\/tutte-le-collezioni\/mo4129\/#primaryimage","url":"https:\/\/www.marinoorlandi.com\/wp-content\/uploads\/2017\/02\/CUT_0719-1.jpg","contentUrl":"https:\/\/www.marinoorlandi.com\/wp-content\/uploads\/2017\/02\/CUT_0719-1.jpg","width":800,"height":800},{"@type":"BreadcrumbList","@id":"https:\/\/www.marinoorlandi.com\/it\/shop-orlandi\/tutte-le-collezioni\/mo4129\/#breadcrumb","itemListElement":[{"@type":"ListItem","position":1,"name":"Marino Orlandi","item":"https:\/\/www.marinoorlandi.com\/it\/"},{"@type":"ListItem","position":2,"name":"Shop Orlandi","item":"https:\/\/www.marinoorlandi.com\/it\/shop-orlandi\/"},{"@type":"ListItem","position":3,"name":"LoveMO","item":"https:\/\/www.marinoorlandi.com\/it\/borse-artigianali\/collezione-lovemo\/"},{"@type":"ListItem","position":4,"name":"MO4129"}]},{"@type":"WebSite","@id":"https:\/\/www.marinoorlandi.com\/it\/#website","url":"https:\/\/www.marinoorlandi.com\/it\/","name":"Official Site Marino Orlandi","description":"&quot;A STYLE BEYOND PLACE &amp;TIME &quot;","publisher":{"@id":"https:\/\/www.marinoorlandi.com\/it\/#organization"},"potentialAction":[{"@type":"SearchAction","target":{"@type":"EntryPoint","urlTemplate":"https:\/\/www.marinoorlandi.com\/it\/?s={search_term_string}"},"query-input":{"@type":"PropertyValueSpecification","valueRequired":true,"valueName":"search_term_string"}}],"inLanguage":"it-IT"},{"@type":"Organization","@id":"https:\/\/www.marinoorlandi.com\/it\/#organization","name":"Pelletteria Marino Orlandi","url":"https:\/\/www.marinoorlandi.com\/it\/","logo":{"@type":"ImageObject","inLanguage":"it-IT","@id":"https:\/\/www.marinoorlandi.com\/it\/#\/schema\/logo\/image\/","url":"https:\/\/www.marinoorlandi.com\/wp-content\/uploads\/2017\/02\/logoMO_nero_mail.png","contentUrl":"https:\/\/www.marinoorlandi.com\/wp-content\/uploads\/2017\/02\/logoMO_nero_mail.png","width":116,"height":110,"caption":"Pelletteria Marino Orlandi"},"image":{"@id":"https:\/\/www.marinoorlandi.com\/it\/#\/schema\/logo\/image\/"},"sameAs":["https:\/\/www.facebook.com\/OrlandiMarinoPelletteriaItaly\/","https:\/\/www.instagram.com\/marino.orlandi.official\/"]}]}},"_links":{"self":[{"href":"https:\/\/www.marinoorlandi.com\/it\/wp-json\/wp\/v2\/product\/10490","targetHints":{"allow":["GET"]}}],"collection":[{"href":"https:\/\/www.marinoorlandi.com\/it\/wp-json\/wp\/v2\/product"}],"about":[{"href":"https:\/\/www.marinoorlandi.com\/it\/wp-json\/wp\/v2\/types\/product"}],"replies":[{"embeddable":true,"href":"https:\/\/www.marinoorlandi.com\/it\/wp-json\/wp\/v2\/comments?post=10490"}],"wp:featuredmedia":[{"embeddable":true,"href":"https:\/\/www.marinoorlandi.com\/it\/wp-json\/wp\/v2\/media\/10491"}],"wp:attachment":[{"href":"https:\/\/www.marinoorlandi.com\/it\/wp-json\/wp\/v2\/media?parent=10490"}],"wp:term":[{"taxonomy":"product_brand","embeddable":true,"href":"https:\/\/www.marinoorlandi.com\/it\/wp-json\/wp\/v2\/product_brand?post=10490"},{"taxonomy":"product_cat","embeddable":true,"href":"https:\/\/www.marinoorlandi.com\/it\/wp-json\/wp\/v2\/product_cat?post=10490"},{"taxonomy":"product_tag","embeddable":true,"href":"https:\/\/www.marinoorlandi.com\/it\/wp-json\/wp\/v2\/product_tag?post=10490"}],"curies":[{"name":"wp","href":"https:\/\/api.w.org\/{rel}","templated":true}]}}