{"id":10855,"date":"2017-02-08T12:44:00","date_gmt":"2017-02-08T11:44:00","guid":{"rendered":"https:\/\/www.marinoorlandi.com\/prodotto\/mo3812-3\/"},"modified":"2025-03-28T14:44:33","modified_gmt":"2025-03-28T13:44:33","slug":"mo3812-3","status":"publish","type":"product","link":"https:\/\/www.marinoorlandi.com\/it\/shop-orlandi\/collezione-verolavoratopitone\/mo3812-3\/","title":{"rendered":"MO3812"},"content":{"rendered":"<div class=\"wpb-content-wrapper\"><p>[vc_row][vc_column width=&#8221;1\/3&#8243;][vc_column_text]l.36 x h.30 cm<br \/>\n&#8211; Pitone stampato scagliato azzurro\/crocodile blu<br \/>\n&#8211; Fodera interna in tessuto<br \/>\n&#8211; Bottoncini dorati personalizzati sugli inserti verticali<br \/>\n&#8211; Chiusura con zip a doppio cursore con chiusure laterali a clap<br \/>\n&#8211; Tasca esterna posteriore con zip<br \/>\n&#8211; Doppio scompartimento interno con tasca centrale con zip<br \/>\n&#8211; Tasca in pelle interna per smartphone<br \/>\n&#8211; Cinque piedini di appoggio[\/vc_column_text][\/vc_column][vc_column width=&#8221;1\/3&#8243;][\/vc_column][vc_column width=&#8221;1\/3&#8243;][vc_empty_space height=&#8221;20px&#8221;][vc_custom_heading text=&#8221;&#8221; use_theme_fonts=&#8221;yes&#8221; font_container=&#8221;tag:h2|font_size:20|text_align:left|color:%23000000&#8243; el_class=&#8221;titolo_principale_martel&#8221;][vc_empty_space height=&#8221;20px&#8221;][vc_column_text]Marino Orlandi Leather bag 100% Made in Italy[\/vc_column_text][vc_single_image image=&#8221;10001&#8243;][\/vc_column][\/vc_row]<\/p>\n<\/div>","protected":false},"excerpt":{"rendered":"<p>Perfetta da portare a spalla o a mano, l&#8217;elegante borsa Pegaso \u00e8 l&#8217;essenza stessa di un design senza tempo. La pelle pitonata, declinata in tre tonalit\u00e0, dona al modello un ulteriore tocco di esclusivit\u00e0.<\/p>\n<p>&nbsp;<\/p>\n","protected":false},"featured_media":10421,"comment_status":"open","ping_status":"closed","template":"","meta":{"_acf_changed":false},"product_brand":[],"product_cat":[111,107,79],"product_tag":[],"class_list":{"0":"post-10855","1":"product","2":"type-product","3":"status-publish","4":"has-post-thumbnail","6":"product_cat-tutte-le-collezioni","7":"product_cat-collezione-classline","8":"product_cat-collezione-verolavoratopitone","10":"first","11":"instock","12":"featured","13":"shipping-taxable","14":"purchasable","15":"product-type-simple"},"acf":[],"yoast_head":"<!-- This site is optimized with the Yoast SEO Premium plugin v27.1 (Yoast SEO v27.3) - https:\/\/yoast.com\/product\/yoast-seo-premium-wordpress\/ -->\n<title>MO3812 in pelle fatta a mano 100% made in Italy - Official Site Marino Orlandi<\/title>\n<meta name=\"description\" content=\"MO3812 by Marino Orlandi, pelletteria made in Italy interamente realizzata a mano\" \/>\n<meta name=\"robots\" content=\"index, follow, max-snippet:-1, max-image-preview:large, max-video-preview:-1\" \/>\n<link rel=\"canonical\" href=\"https:\/\/www.marinoorlandi.com\/it\/shop-orlandi\/collezione-verolavoratopitone\/mo3812-3\/\" \/>\n<meta property=\"og:locale\" content=\"it_IT\" \/>\n<meta property=\"og:type\" content=\"article\" \/>\n<meta property=\"og:title\" content=\"MO3812\" \/>\n<meta property=\"og:description\" content=\"MO3812 by Marino Orlandi, pelletteria made in Italy interamente realizzata a mano\" \/>\n<meta property=\"og:url\" content=\"https:\/\/www.marinoorlandi.com\/it\/shop-orlandi\/collezione-verolavoratopitone\/mo3812-3\/\" \/>\n<meta property=\"og:site_name\" content=\"Official Site Marino Orlandi\" \/>\n<meta property=\"article:publisher\" content=\"https:\/\/www.facebook.com\/OrlandiMarinoPelletteriaItaly\/\" \/>\n<meta property=\"article:modified_time\" content=\"2025-03-28T13:44:33+00:00\" \/>\n<meta property=\"og:image\" content=\"https:\/\/www.marinoorlandi.com\/wp-content\/uploads\/2017\/02\/CUT_0921-1.jpg\" \/>\n\t<meta property=\"og:image:width\" content=\"800\" \/>\n\t<meta property=\"og:image:height\" content=\"800\" \/>\n\t<meta property=\"og:image:type\" content=\"image\/jpeg\" \/>\n<meta name=\"twitter:card\" content=\"summary_large_image\" \/>\n<meta name=\"twitter:label1\" content=\"Tempo di lettura stimato\" \/>\n\t<meta name=\"twitter:data1\" content=\"1 minuto\" \/>\n<script type=\"application\/ld+json\" class=\"yoast-schema-graph\">{\"@context\":\"https:\\\/\\\/schema.org\",\"@graph\":[{\"@type\":\"WebPage\",\"@id\":\"https:\\\/\\\/www.marinoorlandi.com\\\/it\\\/shop-orlandi\\\/collezione-verolavoratopitone\\\/mo3812-3\\\/\",\"url\":\"https:\\\/\\\/www.marinoorlandi.com\\\/it\\\/shop-orlandi\\\/collezione-verolavoratopitone\\\/mo3812-3\\\/\",\"name\":\"MO3812 in pelle fatta a mano 100% made in Italy - Official Site Marino Orlandi\",\"isPartOf\":{\"@id\":\"https:\\\/\\\/www.marinoorlandi.com\\\/it\\\/#website\"},\"primaryImageOfPage\":{\"@id\":\"https:\\\/\\\/www.marinoorlandi.com\\\/it\\\/shop-orlandi\\\/collezione-verolavoratopitone\\\/mo3812-3\\\/#primaryimage\"},\"image\":{\"@id\":\"https:\\\/\\\/www.marinoorlandi.com\\\/it\\\/shop-orlandi\\\/collezione-verolavoratopitone\\\/mo3812-3\\\/#primaryimage\"},\"thumbnailUrl\":\"https:\\\/\\\/www.marinoorlandi.com\\\/wp-content\\\/uploads\\\/2017\\\/02\\\/CUT_0921-1.jpg\",\"datePublished\":\"2017-02-08T11:44:00+00:00\",\"dateModified\":\"2025-03-28T13:44:33+00:00\",\"description\":\"MO3812 by Marino Orlandi, pelletteria made in Italy interamente realizzata a mano\",\"breadcrumb\":{\"@id\":\"https:\\\/\\\/www.marinoorlandi.com\\\/it\\\/shop-orlandi\\\/collezione-verolavoratopitone\\\/mo3812-3\\\/#breadcrumb\"},\"inLanguage\":\"it-IT\",\"potentialAction\":[{\"@type\":\"ReadAction\",\"target\":[\"https:\\\/\\\/www.marinoorlandi.com\\\/it\\\/shop-orlandi\\\/collezione-verolavoratopitone\\\/mo3812-3\\\/\"]}]},{\"@type\":\"ImageObject\",\"inLanguage\":\"it-IT\",\"@id\":\"https:\\\/\\\/www.marinoorlandi.com\\\/it\\\/shop-orlandi\\\/collezione-verolavoratopitone\\\/mo3812-3\\\/#primaryimage\",\"url\":\"https:\\\/\\\/www.marinoorlandi.com\\\/wp-content\\\/uploads\\\/2017\\\/02\\\/CUT_0921-1.jpg\",\"contentUrl\":\"https:\\\/\\\/www.marinoorlandi.com\\\/wp-content\\\/uploads\\\/2017\\\/02\\\/CUT_0921-1.jpg\",\"width\":800,\"height\":800},{\"@type\":\"BreadcrumbList\",\"@id\":\"https:\\\/\\\/www.marinoorlandi.com\\\/it\\\/shop-orlandi\\\/collezione-verolavoratopitone\\\/mo3812-3\\\/#breadcrumb\",\"itemListElement\":[{\"@type\":\"ListItem\",\"position\":1,\"name\":\"Marino Orlandi\",\"item\":\"https:\\\/\\\/www.marinoorlandi.com\\\/it\\\/\"},{\"@type\":\"ListItem\",\"position\":2,\"name\":\"Shop Orlandi\",\"item\":\"https:\\\/\\\/www.marinoorlandi.com\\\/it\\\/shop-orlandi\\\/\"},{\"@type\":\"ListItem\",\"position\":3,\"name\":\"ClassLine\",\"item\":\"https:\\\/\\\/www.marinoorlandi.com\\\/it\\\/borse-artigianali\\\/collezione-classline\\\/\"},{\"@type\":\"ListItem\",\"position\":4,\"name\":\"MO3812\"}]},{\"@type\":\"WebSite\",\"@id\":\"https:\\\/\\\/www.marinoorlandi.com\\\/it\\\/#website\",\"url\":\"https:\\\/\\\/www.marinoorlandi.com\\\/it\\\/\",\"name\":\"Official Site Marino Orlandi\",\"description\":\"&quot;A STYLE BEYOND PLACE &amp;TIME &quot;\",\"publisher\":{\"@id\":\"https:\\\/\\\/www.marinoorlandi.com\\\/it\\\/#organization\"},\"potentialAction\":[{\"@type\":\"SearchAction\",\"target\":{\"@type\":\"EntryPoint\",\"urlTemplate\":\"https:\\\/\\\/www.marinoorlandi.com\\\/it\\\/?s={search_term_string}\"},\"query-input\":{\"@type\":\"PropertyValueSpecification\",\"valueRequired\":true,\"valueName\":\"search_term_string\"}}],\"inLanguage\":\"it-IT\"},{\"@type\":\"Organization\",\"@id\":\"https:\\\/\\\/www.marinoorlandi.com\\\/it\\\/#organization\",\"name\":\"Pelletteria Marino Orlandi\",\"url\":\"https:\\\/\\\/www.marinoorlandi.com\\\/it\\\/\",\"logo\":{\"@type\":\"ImageObject\",\"inLanguage\":\"it-IT\",\"@id\":\"https:\\\/\\\/www.marinoorlandi.com\\\/it\\\/#\\\/schema\\\/logo\\\/image\\\/\",\"url\":\"https:\\\/\\\/www.marinoorlandi.com\\\/wp-content\\\/uploads\\\/2017\\\/02\\\/logoMO_nero_mail.png\",\"contentUrl\":\"https:\\\/\\\/www.marinoorlandi.com\\\/wp-content\\\/uploads\\\/2017\\\/02\\\/logoMO_nero_mail.png\",\"width\":116,\"height\":110,\"caption\":\"Pelletteria Marino Orlandi\"},\"image\":{\"@id\":\"https:\\\/\\\/www.marinoorlandi.com\\\/it\\\/#\\\/schema\\\/logo\\\/image\\\/\"},\"sameAs\":[\"https:\\\/\\\/www.facebook.com\\\/OrlandiMarinoPelletteriaItaly\\\/\",\"https:\\\/\\\/www.instagram.com\\\/marino.orlandi.official\\\/\"]}]}<\/script>\n<!-- \/ Yoast SEO Premium plugin. -->","yoast_head_json":{"title":"MO3812 in pelle fatta a mano 100% made in Italy - Official Site Marino Orlandi","description":"MO3812 by Marino Orlandi, pelletteria made in Italy interamente realizzata a mano","robots":{"index":"index","follow":"follow","max-snippet":"max-snippet:-1","max-image-preview":"max-image-preview:large","max-video-preview":"max-video-preview:-1"},"canonical":"https:\/\/www.marinoorlandi.com\/it\/shop-orlandi\/collezione-verolavoratopitone\/mo3812-3\/","og_locale":"it_IT","og_type":"article","og_title":"MO3812","og_description":"MO3812 by Marino Orlandi, pelletteria made in Italy interamente realizzata a mano","og_url":"https:\/\/www.marinoorlandi.com\/it\/shop-orlandi\/collezione-verolavoratopitone\/mo3812-3\/","og_site_name":"Official Site Marino Orlandi","article_publisher":"https:\/\/www.facebook.com\/OrlandiMarinoPelletteriaItaly\/","article_modified_time":"2025-03-28T13:44:33+00:00","og_image":[{"width":800,"height":800,"url":"https:\/\/www.marinoorlandi.com\/wp-content\/uploads\/2017\/02\/CUT_0921-1.jpg","type":"image\/jpeg"}],"twitter_card":"summary_large_image","twitter_misc":{"Tempo di lettura stimato":"1 minuto"},"schema":{"@context":"https:\/\/schema.org","@graph":[{"@type":"WebPage","@id":"https:\/\/www.marinoorlandi.com\/it\/shop-orlandi\/collezione-verolavoratopitone\/mo3812-3\/","url":"https:\/\/www.marinoorlandi.com\/it\/shop-orlandi\/collezione-verolavoratopitone\/mo3812-3\/","name":"MO3812 in pelle fatta a mano 100% made in Italy - Official Site Marino Orlandi","isPartOf":{"@id":"https:\/\/www.marinoorlandi.com\/it\/#website"},"primaryImageOfPage":{"@id":"https:\/\/www.marinoorlandi.com\/it\/shop-orlandi\/collezione-verolavoratopitone\/mo3812-3\/#primaryimage"},"image":{"@id":"https:\/\/www.marinoorlandi.com\/it\/shop-orlandi\/collezione-verolavoratopitone\/mo3812-3\/#primaryimage"},"thumbnailUrl":"https:\/\/www.marinoorlandi.com\/wp-content\/uploads\/2017\/02\/CUT_0921-1.jpg","datePublished":"2017-02-08T11:44:00+00:00","dateModified":"2025-03-28T13:44:33+00:00","description":"MO3812 by Marino Orlandi, pelletteria made in Italy interamente realizzata a mano","breadcrumb":{"@id":"https:\/\/www.marinoorlandi.com\/it\/shop-orlandi\/collezione-verolavoratopitone\/mo3812-3\/#breadcrumb"},"inLanguage":"it-IT","potentialAction":[{"@type":"ReadAction","target":["https:\/\/www.marinoorlandi.com\/it\/shop-orlandi\/collezione-verolavoratopitone\/mo3812-3\/"]}]},{"@type":"ImageObject","inLanguage":"it-IT","@id":"https:\/\/www.marinoorlandi.com\/it\/shop-orlandi\/collezione-verolavoratopitone\/mo3812-3\/#primaryimage","url":"https:\/\/www.marinoorlandi.com\/wp-content\/uploads\/2017\/02\/CUT_0921-1.jpg","contentUrl":"https:\/\/www.marinoorlandi.com\/wp-content\/uploads\/2017\/02\/CUT_0921-1.jpg","width":800,"height":800},{"@type":"BreadcrumbList","@id":"https:\/\/www.marinoorlandi.com\/it\/shop-orlandi\/collezione-verolavoratopitone\/mo3812-3\/#breadcrumb","itemListElement":[{"@type":"ListItem","position":1,"name":"Marino Orlandi","item":"https:\/\/www.marinoorlandi.com\/it\/"},{"@type":"ListItem","position":2,"name":"Shop Orlandi","item":"https:\/\/www.marinoorlandi.com\/it\/shop-orlandi\/"},{"@type":"ListItem","position":3,"name":"ClassLine","item":"https:\/\/www.marinoorlandi.com\/it\/borse-artigianali\/collezione-classline\/"},{"@type":"ListItem","position":4,"name":"MO3812"}]},{"@type":"WebSite","@id":"https:\/\/www.marinoorlandi.com\/it\/#website","url":"https:\/\/www.marinoorlandi.com\/it\/","name":"Official Site Marino Orlandi","description":"&quot;A STYLE BEYOND PLACE &amp;TIME &quot;","publisher":{"@id":"https:\/\/www.marinoorlandi.com\/it\/#organization"},"potentialAction":[{"@type":"SearchAction","target":{"@type":"EntryPoint","urlTemplate":"https:\/\/www.marinoorlandi.com\/it\/?s={search_term_string}"},"query-input":{"@type":"PropertyValueSpecification","valueRequired":true,"valueName":"search_term_string"}}],"inLanguage":"it-IT"},{"@type":"Organization","@id":"https:\/\/www.marinoorlandi.com\/it\/#organization","name":"Pelletteria Marino Orlandi","url":"https:\/\/www.marinoorlandi.com\/it\/","logo":{"@type":"ImageObject","inLanguage":"it-IT","@id":"https:\/\/www.marinoorlandi.com\/it\/#\/schema\/logo\/image\/","url":"https:\/\/www.marinoorlandi.com\/wp-content\/uploads\/2017\/02\/logoMO_nero_mail.png","contentUrl":"https:\/\/www.marinoorlandi.com\/wp-content\/uploads\/2017\/02\/logoMO_nero_mail.png","width":116,"height":110,"caption":"Pelletteria Marino Orlandi"},"image":{"@id":"https:\/\/www.marinoorlandi.com\/it\/#\/schema\/logo\/image\/"},"sameAs":["https:\/\/www.facebook.com\/OrlandiMarinoPelletteriaItaly\/","https:\/\/www.instagram.com\/marino.orlandi.official\/"]}]}},"_links":{"self":[{"href":"https:\/\/www.marinoorlandi.com\/it\/wp-json\/wp\/v2\/product\/10855","targetHints":{"allow":["GET"]}}],"collection":[{"href":"https:\/\/www.marinoorlandi.com\/it\/wp-json\/wp\/v2\/product"}],"about":[{"href":"https:\/\/www.marinoorlandi.com\/it\/wp-json\/wp\/v2\/types\/product"}],"replies":[{"embeddable":true,"href":"https:\/\/www.marinoorlandi.com\/it\/wp-json\/wp\/v2\/comments?post=10855"}],"wp:featuredmedia":[{"embeddable":true,"href":"https:\/\/www.marinoorlandi.com\/it\/wp-json\/wp\/v2\/media\/10421"}],"wp:attachment":[{"href":"https:\/\/www.marinoorlandi.com\/it\/wp-json\/wp\/v2\/media?parent=10855"}],"wp:term":[{"taxonomy":"product_brand","embeddable":true,"href":"https:\/\/www.marinoorlandi.com\/it\/wp-json\/wp\/v2\/product_brand?post=10855"},{"taxonomy":"product_cat","embeddable":true,"href":"https:\/\/www.marinoorlandi.com\/it\/wp-json\/wp\/v2\/product_cat?post=10855"},{"taxonomy":"product_tag","embeddable":true,"href":"https:\/\/www.marinoorlandi.com\/it\/wp-json\/wp\/v2\/product_tag?post=10855"}],"curies":[{"name":"wp","href":"https:\/\/api.w.org\/{rel}","templated":true}]}}