{"id":17098,"date":"2023-07-20T12:18:20","date_gmt":"2023-07-20T10:18:20","guid":{"rendered":"https:\/\/www.marinoorlandi.com\/?post_type=product&#038;p=17098"},"modified":"2024-05-10T10:33:34","modified_gmt":"2024-05-10T08:33:34","slug":"mo4826-floral-graffiti","status":"publish","type":"product","link":"https:\/\/www.marinoorlandi.com\/it\/shop-orlandi\/tutte-le-collezioni\/mo4826-floral-graffiti\/","title":{"rendered":"MO4826 Floral Graffiti.MO"},"content":{"rendered":"<p>&nbsp;<\/p>\n<p>L. 21,5 x H. 23,5<br \/>\n-Vacchetta bianca con motivo graffiti floreale<br \/>\n-Dettagli in vacchetta nera opaca, vacchetta rosa croco e placcati in oro<br \/>\n-Manico placcato in oro decorato da veri Swarovski multicolor<br \/>\n-Ciuffo verde incluso<br \/>\n-Due tasche esterne, due zip interne<br \/>\n-Interni in tessuto personalizzato Marino Orlandi<\/p>\n","protected":false},"excerpt":{"rendered":"<p>Un fondamentale accessorio brioso e street che combina la vitalit\u00e0 del motivo floreale e l&#8217;arte del graffito. Funzionale ad ogni esigenza di maneggevolezza e praticit\u00e0 grazie alle dimensioni ridotte, questo zaino vivace mira ad impreziosire la quotidianit\u00e0 di ogni donna.MO attraverso gli Swarovski contornati da dettagli bagnati in oro alla base del manico e sulla M in sovraimpressione.<\/p>\n","protected":false},"featured_media":17099,"comment_status":"closed","ping_status":"closed","template":"","meta":{"_acf_changed":false},"product_brand":[],"product_cat":[111,203],"product_tag":[],"class_list":{"0":"post-17098","1":"product","2":"type-product","3":"status-publish","4":"has-post-thumbnail","6":"product_cat-tutte-le-collezioni","7":"product_cat-collezione-zaini","9":"first","10":"instock","11":"shipping-taxable","12":"purchasable","13":"product-type-simple"},"acf":[],"yoast_head":"<!-- This site is optimized with the Yoast SEO Premium plugin v27.4 (Yoast SEO v27.4) - https:\/\/yoast.com\/product\/yoast-seo-premium-wordpress\/ -->\n<title>MO4826 Floral Graffiti.MO in pelle fatta a mano 100% made in Italy - Official Site Marino Orlandi<\/title>\n<meta name=\"description\" content=\"MO4826 Floral Graffiti.MO by Marino Orlandi, pelletteria made in Italy interamente realizzata a mano\" \/>\n<meta name=\"robots\" content=\"index, follow, max-snippet:-1, max-image-preview:large, max-video-preview:-1\" \/>\n<link rel=\"canonical\" href=\"https:\/\/www.marinoorlandi.com\/it\/shop-orlandi\/tutte-le-collezioni\/mo4826-floral-graffiti\/\" \/>\n<meta property=\"og:locale\" content=\"it_IT\" \/>\n<meta property=\"og:type\" content=\"article\" \/>\n<meta property=\"og:title\" content=\"MO4826 Floral Graffiti.MO\" \/>\n<meta property=\"og:description\" content=\"MO4826 Floral Graffiti.MO by Marino Orlandi, pelletteria made in Italy interamente realizzata a mano\" \/>\n<meta property=\"og:url\" content=\"https:\/\/www.marinoorlandi.com\/it\/shop-orlandi\/tutte-le-collezioni\/mo4826-floral-graffiti\/\" \/>\n<meta property=\"og:site_name\" content=\"Official Site Marino Orlandi\" \/>\n<meta property=\"article:publisher\" content=\"https:\/\/www.facebook.com\/OrlandiMarinoPelletteriaItaly\/\" \/>\n<meta property=\"article:modified_time\" content=\"2024-05-10T08:33:34+00:00\" \/>\n<meta property=\"og:image\" content=\"https:\/\/www.marinoorlandi.com\/wp-content\/uploads\/2023\/07\/PhotoRoom_20230719_122458-scaled-e1689771773612.jpg\" \/>\n\t<meta property=\"og:image:width\" content=\"885\" \/>\n\t<meta property=\"og:image:height\" content=\"1200\" \/>\n\t<meta property=\"og:image:type\" content=\"image\/jpeg\" \/>\n<meta name=\"twitter:card\" content=\"summary_large_image\" \/>\n<meta name=\"twitter:label1\" content=\"Tempo di lettura stimato\" \/>\n\t<meta name=\"twitter:data1\" content=\"1 minuto\" \/>\n<script type=\"application\/ld+json\" class=\"yoast-schema-graph\">{\"@context\":\"https:\\\/\\\/schema.org\",\"@graph\":[{\"@type\":\"WebPage\",\"@id\":\"https:\\\/\\\/www.marinoorlandi.com\\\/it\\\/shop-orlandi\\\/tutte-le-collezioni\\\/mo4826-floral-graffiti\\\/\",\"url\":\"https:\\\/\\\/www.marinoorlandi.com\\\/it\\\/shop-orlandi\\\/tutte-le-collezioni\\\/mo4826-floral-graffiti\\\/\",\"name\":\"MO4826 Floral Graffiti.MO in pelle fatta a mano 100% made in Italy - Official Site Marino Orlandi\",\"isPartOf\":{\"@id\":\"https:\\\/\\\/www.marinoorlandi.com\\\/it\\\/#website\"},\"primaryImageOfPage\":{\"@id\":\"https:\\\/\\\/www.marinoorlandi.com\\\/it\\\/shop-orlandi\\\/tutte-le-collezioni\\\/mo4826-floral-graffiti\\\/#primaryimage\"},\"image\":{\"@id\":\"https:\\\/\\\/www.marinoorlandi.com\\\/it\\\/shop-orlandi\\\/tutte-le-collezioni\\\/mo4826-floral-graffiti\\\/#primaryimage\"},\"thumbnailUrl\":\"https:\\\/\\\/www.marinoorlandi.com\\\/wp-content\\\/uploads\\\/2023\\\/07\\\/PhotoRoom_20230719_122458-scaled-e1689771773612.jpg\",\"datePublished\":\"2023-07-20T10:18:20+00:00\",\"dateModified\":\"2024-05-10T08:33:34+00:00\",\"description\":\"MO4826 Floral Graffiti.MO by Marino Orlandi, pelletteria made in Italy interamente realizzata a mano\",\"breadcrumb\":{\"@id\":\"https:\\\/\\\/www.marinoorlandi.com\\\/it\\\/shop-orlandi\\\/tutte-le-collezioni\\\/mo4826-floral-graffiti\\\/#breadcrumb\"},\"inLanguage\":\"it-IT\",\"potentialAction\":[{\"@type\":\"ReadAction\",\"target\":[\"https:\\\/\\\/www.marinoorlandi.com\\\/it\\\/shop-orlandi\\\/tutte-le-collezioni\\\/mo4826-floral-graffiti\\\/\"]}]},{\"@type\":\"ImageObject\",\"inLanguage\":\"it-IT\",\"@id\":\"https:\\\/\\\/www.marinoorlandi.com\\\/it\\\/shop-orlandi\\\/tutte-le-collezioni\\\/mo4826-floral-graffiti\\\/#primaryimage\",\"url\":\"https:\\\/\\\/www.marinoorlandi.com\\\/wp-content\\\/uploads\\\/2023\\\/07\\\/PhotoRoom_20230719_122458-scaled-e1689771773612.jpg\",\"contentUrl\":\"https:\\\/\\\/www.marinoorlandi.com\\\/wp-content\\\/uploads\\\/2023\\\/07\\\/PhotoRoom_20230719_122458-scaled-e1689771773612.jpg\",\"width\":885,\"height\":1200},{\"@type\":\"BreadcrumbList\",\"@id\":\"https:\\\/\\\/www.marinoorlandi.com\\\/it\\\/shop-orlandi\\\/tutte-le-collezioni\\\/mo4826-floral-graffiti\\\/#breadcrumb\",\"itemListElement\":[{\"@type\":\"ListItem\",\"position\":1,\"name\":\"Marino Orlandi\",\"item\":\"https:\\\/\\\/www.marinoorlandi.com\\\/it\\\/\"},{\"@type\":\"ListItem\",\"position\":2,\"name\":\"Shop Orlandi\",\"item\":\"https:\\\/\\\/www.marinoorlandi.com\\\/it\\\/shop-orlandi\\\/\"},{\"@type\":\"ListItem\",\"position\":3,\"name\":\"Zaini\",\"item\":\"https:\\\/\\\/www.marinoorlandi.com\\\/it\\\/borse-artigianali\\\/collezione-zaini\\\/\"},{\"@type\":\"ListItem\",\"position\":4,\"name\":\"MO4826 Floral Graffiti.MO\"}]},{\"@type\":\"WebSite\",\"@id\":\"https:\\\/\\\/www.marinoorlandi.com\\\/it\\\/#website\",\"url\":\"https:\\\/\\\/www.marinoorlandi.com\\\/it\\\/\",\"name\":\"Official Site Marino Orlandi\",\"description\":\"&quot;A STYLE BEYOND PLACE &amp;TIME &quot;\",\"publisher\":{\"@id\":\"https:\\\/\\\/www.marinoorlandi.com\\\/it\\\/#organization\"},\"potentialAction\":[{\"@type\":\"SearchAction\",\"target\":{\"@type\":\"EntryPoint\",\"urlTemplate\":\"https:\\\/\\\/www.marinoorlandi.com\\\/it\\\/?s={search_term_string}\"},\"query-input\":{\"@type\":\"PropertyValueSpecification\",\"valueRequired\":true,\"valueName\":\"search_term_string\"}}],\"inLanguage\":\"it-IT\"},{\"@type\":\"Organization\",\"@id\":\"https:\\\/\\\/www.marinoorlandi.com\\\/it\\\/#organization\",\"name\":\"Pelletteria Marino Orlandi\",\"url\":\"https:\\\/\\\/www.marinoorlandi.com\\\/it\\\/\",\"logo\":{\"@type\":\"ImageObject\",\"inLanguage\":\"it-IT\",\"@id\":\"https:\\\/\\\/www.marinoorlandi.com\\\/it\\\/#\\\/schema\\\/logo\\\/image\\\/\",\"url\":\"https:\\\/\\\/www.marinoorlandi.com\\\/wp-content\\\/uploads\\\/2017\\\/02\\\/logoMO_nero_mail.png\",\"contentUrl\":\"https:\\\/\\\/www.marinoorlandi.com\\\/wp-content\\\/uploads\\\/2017\\\/02\\\/logoMO_nero_mail.png\",\"width\":116,\"height\":110,\"caption\":\"Pelletteria Marino Orlandi\"},\"image\":{\"@id\":\"https:\\\/\\\/www.marinoorlandi.com\\\/it\\\/#\\\/schema\\\/logo\\\/image\\\/\"},\"sameAs\":[\"https:\\\/\\\/www.facebook.com\\\/OrlandiMarinoPelletteriaItaly\\\/\",\"https:\\\/\\\/www.instagram.com\\\/marino.orlandi.official\\\/\"]}]}<\/script>\n<!-- \/ Yoast SEO Premium plugin. -->","yoast_head_json":{"title":"MO4826 Floral Graffiti.MO in pelle fatta a mano 100% made in Italy - Official Site Marino Orlandi","description":"MO4826 Floral Graffiti.MO by Marino Orlandi, pelletteria made in Italy interamente realizzata a mano","robots":{"index":"index","follow":"follow","max-snippet":"max-snippet:-1","max-image-preview":"max-image-preview:large","max-video-preview":"max-video-preview:-1"},"canonical":"https:\/\/www.marinoorlandi.com\/it\/shop-orlandi\/tutte-le-collezioni\/mo4826-floral-graffiti\/","og_locale":"it_IT","og_type":"article","og_title":"MO4826 Floral Graffiti.MO","og_description":"MO4826 Floral Graffiti.MO by Marino Orlandi, pelletteria made in Italy interamente realizzata a mano","og_url":"https:\/\/www.marinoorlandi.com\/it\/shop-orlandi\/tutte-le-collezioni\/mo4826-floral-graffiti\/","og_site_name":"Official Site Marino Orlandi","article_publisher":"https:\/\/www.facebook.com\/OrlandiMarinoPelletteriaItaly\/","article_modified_time":"2024-05-10T08:33:34+00:00","og_image":[{"width":885,"height":1200,"url":"https:\/\/www.marinoorlandi.com\/wp-content\/uploads\/2023\/07\/PhotoRoom_20230719_122458-scaled-e1689771773612.jpg","type":"image\/jpeg"}],"twitter_card":"summary_large_image","twitter_misc":{"Tempo di lettura stimato":"1 minuto"},"schema":{"@context":"https:\/\/schema.org","@graph":[{"@type":"WebPage","@id":"https:\/\/www.marinoorlandi.com\/it\/shop-orlandi\/tutte-le-collezioni\/mo4826-floral-graffiti\/","url":"https:\/\/www.marinoorlandi.com\/it\/shop-orlandi\/tutte-le-collezioni\/mo4826-floral-graffiti\/","name":"MO4826 Floral Graffiti.MO in pelle fatta a mano 100% made in Italy - Official Site Marino Orlandi","isPartOf":{"@id":"https:\/\/www.marinoorlandi.com\/it\/#website"},"primaryImageOfPage":{"@id":"https:\/\/www.marinoorlandi.com\/it\/shop-orlandi\/tutte-le-collezioni\/mo4826-floral-graffiti\/#primaryimage"},"image":{"@id":"https:\/\/www.marinoorlandi.com\/it\/shop-orlandi\/tutte-le-collezioni\/mo4826-floral-graffiti\/#primaryimage"},"thumbnailUrl":"https:\/\/www.marinoorlandi.com\/wp-content\/uploads\/2023\/07\/PhotoRoom_20230719_122458-scaled-e1689771773612.jpg","datePublished":"2023-07-20T10:18:20+00:00","dateModified":"2024-05-10T08:33:34+00:00","description":"MO4826 Floral Graffiti.MO by Marino Orlandi, pelletteria made in Italy interamente realizzata a mano","breadcrumb":{"@id":"https:\/\/www.marinoorlandi.com\/it\/shop-orlandi\/tutte-le-collezioni\/mo4826-floral-graffiti\/#breadcrumb"},"inLanguage":"it-IT","potentialAction":[{"@type":"ReadAction","target":["https:\/\/www.marinoorlandi.com\/it\/shop-orlandi\/tutte-le-collezioni\/mo4826-floral-graffiti\/"]}]},{"@type":"ImageObject","inLanguage":"it-IT","@id":"https:\/\/www.marinoorlandi.com\/it\/shop-orlandi\/tutte-le-collezioni\/mo4826-floral-graffiti\/#primaryimage","url":"https:\/\/www.marinoorlandi.com\/wp-content\/uploads\/2023\/07\/PhotoRoom_20230719_122458-scaled-e1689771773612.jpg","contentUrl":"https:\/\/www.marinoorlandi.com\/wp-content\/uploads\/2023\/07\/PhotoRoom_20230719_122458-scaled-e1689771773612.jpg","width":885,"height":1200},{"@type":"BreadcrumbList","@id":"https:\/\/www.marinoorlandi.com\/it\/shop-orlandi\/tutte-le-collezioni\/mo4826-floral-graffiti\/#breadcrumb","itemListElement":[{"@type":"ListItem","position":1,"name":"Marino Orlandi","item":"https:\/\/www.marinoorlandi.com\/it\/"},{"@type":"ListItem","position":2,"name":"Shop Orlandi","item":"https:\/\/www.marinoorlandi.com\/it\/shop-orlandi\/"},{"@type":"ListItem","position":3,"name":"Zaini","item":"https:\/\/www.marinoorlandi.com\/it\/borse-artigianali\/collezione-zaini\/"},{"@type":"ListItem","position":4,"name":"MO4826 Floral Graffiti.MO"}]},{"@type":"WebSite","@id":"https:\/\/www.marinoorlandi.com\/it\/#website","url":"https:\/\/www.marinoorlandi.com\/it\/","name":"Official Site Marino Orlandi","description":"&quot;A STYLE BEYOND PLACE &amp;TIME &quot;","publisher":{"@id":"https:\/\/www.marinoorlandi.com\/it\/#organization"},"potentialAction":[{"@type":"SearchAction","target":{"@type":"EntryPoint","urlTemplate":"https:\/\/www.marinoorlandi.com\/it\/?s={search_term_string}"},"query-input":{"@type":"PropertyValueSpecification","valueRequired":true,"valueName":"search_term_string"}}],"inLanguage":"it-IT"},{"@type":"Organization","@id":"https:\/\/www.marinoorlandi.com\/it\/#organization","name":"Pelletteria Marino Orlandi","url":"https:\/\/www.marinoorlandi.com\/it\/","logo":{"@type":"ImageObject","inLanguage":"it-IT","@id":"https:\/\/www.marinoorlandi.com\/it\/#\/schema\/logo\/image\/","url":"https:\/\/www.marinoorlandi.com\/wp-content\/uploads\/2017\/02\/logoMO_nero_mail.png","contentUrl":"https:\/\/www.marinoorlandi.com\/wp-content\/uploads\/2017\/02\/logoMO_nero_mail.png","width":116,"height":110,"caption":"Pelletteria Marino Orlandi"},"image":{"@id":"https:\/\/www.marinoorlandi.com\/it\/#\/schema\/logo\/image\/"},"sameAs":["https:\/\/www.facebook.com\/OrlandiMarinoPelletteriaItaly\/","https:\/\/www.instagram.com\/marino.orlandi.official\/"]}]}},"_links":{"self":[{"href":"https:\/\/www.marinoorlandi.com\/it\/wp-json\/wp\/v2\/product\/17098","targetHints":{"allow":["GET"]}}],"collection":[{"href":"https:\/\/www.marinoorlandi.com\/it\/wp-json\/wp\/v2\/product"}],"about":[{"href":"https:\/\/www.marinoorlandi.com\/it\/wp-json\/wp\/v2\/types\/product"}],"replies":[{"embeddable":true,"href":"https:\/\/www.marinoorlandi.com\/it\/wp-json\/wp\/v2\/comments?post=17098"}],"wp:featuredmedia":[{"embeddable":true,"href":"https:\/\/www.marinoorlandi.com\/it\/wp-json\/wp\/v2\/media\/17099"}],"wp:attachment":[{"href":"https:\/\/www.marinoorlandi.com\/it\/wp-json\/wp\/v2\/media?parent=17098"}],"wp:term":[{"taxonomy":"product_brand","embeddable":true,"href":"https:\/\/www.marinoorlandi.com\/it\/wp-json\/wp\/v2\/product_brand?post=17098"},{"taxonomy":"product_cat","embeddable":true,"href":"https:\/\/www.marinoorlandi.com\/it\/wp-json\/wp\/v2\/product_cat?post=17098"},{"taxonomy":"product_tag","embeddable":true,"href":"https:\/\/www.marinoorlandi.com\/it\/wp-json\/wp\/v2\/product_tag?post=17098"}],"curies":[{"name":"wp","href":"https:\/\/api.w.org\/{rel}","templated":true}]}}